{"id":1691,"date":"2025-11-05T12:41:06","date_gmt":"2025-11-05T12:41:06","guid":{"rendered":"https:\/\/ardealulcufainosag.ro\/?page_id=1691"},"modified":"2025-11-06T09:47:35","modified_gmt":"2025-11-06T09:47:35","slug":"vegetal","status":"publish","type":"page","link":"https:\/\/ardealulcufainosag.ro\/","title":{"rendered":"Ardealul Vegetal"},"content":{"rendered":"","protected":false},"excerpt":{"rendered":"","protected":false},"author":1,"featured_media":0,"parent":0,"menu_order":0,"comment_status":"closed","ping_status":"open","template":"","meta":{"footnotes":""},"class_list":["post-1691","page","type-page","status-publish","hentry"],"yoast_head":"<!-- This site is optimized with the Yoast SEO plugin v27.3 - https:\/\/yoast.com\/product\/yoast-seo-wordpress\/ -->\n<title>Ardealul Vegetal - Ardealul cu Fainosag<\/title>\n<meta name=\"description\" content=\"Faino\u0219ag este prima aplica\u021bie de mindfulness inspirat\u0103 de valorile autentice \u0219i de traiul calm din Ardeal. Faino\u0219ag App te \u00eenva\u021b\u0103 cum s\u0103 meditezi, s\u0103 te relaxezi, s\u0103 te concentrezi pe lucrurile importante din via\u021b\u0103, adic\u0103 pe lucrurile cu Faino\u0219ag. Te ajut\u0103 \u0219i s\u0103 dormi mai mult.Descarc\u0103 aplica\u021bia, urm\u0103re\u0219te con\u021binutul \u0219i bucur\u0103-te de o por\u021bie de mindfulness ardelenesc.\" \/>\n<meta name=\"robots\" content=\"index, follow, max-snippet:-1, max-image-preview:large, max-video-preview:-1\" \/>\n<link rel=\"canonical\" href=\"https:\/\/ardealulcufainosag.ro\/\" \/>\n<meta property=\"og:locale\" content=\"en_US\" \/>\n<meta property=\"og:type\" content=\"article\" \/>\n<meta property=\"og:title\" content=\"Descarc\u0103 aplica\u021bia Faino\u0219ag\" \/>\n<meta property=\"og:description\" content=\"Faino\u0219ag este prima aplica\u021bie de mindfulness inspirat\u0103 de valorile autentice \u0219i de traiul calm din Ardeal. Faino\u0219ag App te \u00eenva\u021b\u0103 cum s\u0103 meditezi, s\u0103 te relaxezi, s\u0103 te concentrezi pe lucrurile importante din via\u021b\u0103, adic\u0103 pe lucrurile cu Faino\u0219ag. Te ajut\u0103 \u0219i s\u0103 dormi mai mult.Descarc\u0103 aplica\u021bia, urm\u0103re\u0219te con\u021binutul \u0219i bucur\u0103-te de o por\u021bie de mindfulness ardelenesc.\" \/>\n<meta property=\"og:url\" content=\"https:\/\/ardealulcufainosag.ro\/\" \/>\n<meta property=\"og:site_name\" content=\"Ardealul cu Fainosag\" \/>\n<meta property=\"article:publisher\" content=\"https:\/\/www.facebook.com\/ardealulcufainosag\/\" \/>\n<meta property=\"article:modified_time\" content=\"2025-11-06T09:47:35+00:00\" \/>\n<meta property=\"og:image\" content=\"https:\/\/ardealulcufainosag.ro\/wp-content\/uploads\/2023\/09\/Cover-Photo-APP.jpg\" \/>\n\t<meta property=\"og:image:width\" content=\"1200\" \/>\n\t<meta property=\"og:image:height\" content=\"667\" \/>\n\t<meta property=\"og:image:type\" content=\"image\/jpeg\" \/>\n<meta name=\"twitter:card\" content=\"summary_large_image\" \/>\n<meta name=\"twitter:title\" content=\"Descarc\u0103 aplica\u021bia Faino\u0219ag\" \/>\n<meta name=\"twitter:description\" content=\"Faino\u0219ag este prima aplica\u021bie de mindfulness inspirat\u0103 de valorile autentice \u0219i de traiul calm din Ardeal. Faino\u0219ag App te \u00eenva\u021b\u0103 cum s\u0103 meditezi, s\u0103 te relaxezi, s\u0103 te concentrezi pe lucrurile importante din via\u021b\u0103, adic\u0103 pe lucrurile cu Faino\u0219ag. Te ajut\u0103 \u0219i s\u0103 dormi mai mult.Descarc\u0103 aplica\u021bia, urm\u0103re\u0219te con\u021binutul \u0219i bucur\u0103-te de o por\u021bie de mindfulness ardelenesc.\" \/>\n<script type=\"application\/ld+json\" class=\"yoast-schema-graph\">{\"@context\":\"https:\\\/\\\/schema.org\",\"@graph\":[{\"@type\":\"WebPage\",\"@id\":\"https:\\\/\\\/ardealulcufainosag.ro\\\/\",\"url\":\"https:\\\/\\\/ardealulcufainosag.ro\\\/\",\"name\":\"Ardealul Vegetal - Ardealul cu Fainosag\",\"isPartOf\":{\"@id\":\"https:\\\/\\\/ardealulcufainosag.ro\\\/#website\"},\"datePublished\":\"2025-11-05T12:41:06+00:00\",\"dateModified\":\"2025-11-06T09:47:35+00:00\",\"description\":\"Faino\u0219ag este prima aplica\u021bie de mindfulness inspirat\u0103 de valorile autentice \u0219i de traiul calm din Ardeal. Faino\u0219ag App te \u00eenva\u021b\u0103 cum s\u0103 meditezi, s\u0103 te relaxezi, s\u0103 te concentrezi pe lucrurile importante din via\u021b\u0103, adic\u0103 pe lucrurile cu Faino\u0219ag. Te ajut\u0103 \u0219i s\u0103 dormi mai mult.Descarc\u0103 aplica\u021bia, urm\u0103re\u0219te con\u021binutul \u0219i bucur\u0103-te de o por\u021bie de mindfulness ardelenesc.\",\"breadcrumb\":{\"@id\":\"https:\\\/\\\/ardealulcufainosag.ro\\\/#breadcrumb\"},\"inLanguage\":\"en-US\",\"potentialAction\":[{\"@type\":\"ReadAction\",\"target\":[\"https:\\\/\\\/ardealulcufainosag.ro\\\/\"]}]},{\"@type\":\"BreadcrumbList\",\"@id\":\"https:\\\/\\\/ardealulcufainosag.ro\\\/#breadcrumb\",\"itemListElement\":[{\"@type\":\"ListItem\",\"position\":1,\"name\":\"Home\",\"item\":\"https:\\\/\\\/ardealulcufainosag.ro\\\/\"},{\"@type\":\"ListItem\",\"position\":2,\"name\":\"Ardealul Vegetal\"}]},{\"@type\":\"WebSite\",\"@id\":\"https:\\\/\\\/ardealulcufainosag.ro\\\/#website\",\"url\":\"https:\\\/\\\/ardealulcufainosag.ro\\\/\",\"name\":\"Ardealul cu Fainosag\",\"description\":\"Tradi\u021bia merge cu Faino\u0219ag\",\"publisher\":{\"@id\":\"https:\\\/\\\/ardealulcufainosag.ro\\\/#organization\"},\"potentialAction\":[{\"@type\":\"SearchAction\",\"target\":{\"@type\":\"EntryPoint\",\"urlTemplate\":\"https:\\\/\\\/ardealulcufainosag.ro\\\/?s={search_term_string}\"},\"query-input\":{\"@type\":\"PropertyValueSpecification\",\"valueRequired\":true,\"valueName\":\"search_term_string\"}}],\"inLanguage\":\"en-US\"},{\"@type\":\"Organization\",\"@id\":\"https:\\\/\\\/ardealulcufainosag.ro\\\/#organization\",\"name\":\"Ardealul cu Faino\u0219ag\",\"url\":\"https:\\\/\\\/ardealulcufainosag.ro\\\/\",\"logo\":{\"@type\":\"ImageObject\",\"inLanguage\":\"en-US\",\"@id\":\"https:\\\/\\\/ardealulcufainosag.ro\\\/#\\\/schema\\\/logo\\\/image\\\/\",\"url\":\"https:\\\/\\\/ardealulcufainosag.ro\\\/wp-content\\\/uploads\\\/2019\\\/10\\\/Ardealul-_-logo_apple-touch-icon.png\",\"contentUrl\":\"https:\\\/\\\/ardealulcufainosag.ro\\\/wp-content\\\/uploads\\\/2019\\\/10\\\/Ardealul-_-logo_apple-touch-icon.png\",\"width\":400,\"height\":400,\"caption\":\"Ardealul cu Faino\u0219ag\"},\"image\":{\"@id\":\"https:\\\/\\\/ardealulcufainosag.ro\\\/#\\\/schema\\\/logo\\\/image\\\/\"},\"sameAs\":[\"https:\\\/\\\/www.facebook.com\\\/ardealulcufainosag\\\/\",\"https:\\\/\\\/www.youtube.com\\\/user\\\/OrklaFoods\"]}]}<\/script>\n<!-- \/ Yoast SEO plugin. -->","yoast_head_json":{"title":"Ardealul Vegetal - Ardealul cu Fainosag","description":"Faino\u0219ag este prima aplica\u021bie de mindfulness inspirat\u0103 de valorile autentice \u0219i de traiul calm din Ardeal. Faino\u0219ag App te \u00eenva\u021b\u0103 cum s\u0103 meditezi, s\u0103 te relaxezi, s\u0103 te concentrezi pe lucrurile importante din via\u021b\u0103, adic\u0103 pe lucrurile cu Faino\u0219ag. Te ajut\u0103 \u0219i s\u0103 dormi mai mult.Descarc\u0103 aplica\u021bia, urm\u0103re\u0219te con\u021binutul \u0219i bucur\u0103-te de o por\u021bie de mindfulness ardelenesc.","robots":{"index":"index","follow":"follow","max-snippet":"max-snippet:-1","max-image-preview":"max-image-preview:large","max-video-preview":"max-video-preview:-1"},"canonical":"https:\/\/ardealulcufainosag.ro\/","og_locale":"en_US","og_type":"article","og_title":"Descarc\u0103 aplica\u021bia Faino\u0219ag","og_description":"Faino\u0219ag este prima aplica\u021bie de mindfulness inspirat\u0103 de valorile autentice \u0219i de traiul calm din Ardeal. Faino\u0219ag App te \u00eenva\u021b\u0103 cum s\u0103 meditezi, s\u0103 te relaxezi, s\u0103 te concentrezi pe lucrurile importante din via\u021b\u0103, adic\u0103 pe lucrurile cu Faino\u0219ag. Te ajut\u0103 \u0219i s\u0103 dormi mai mult.Descarc\u0103 aplica\u021bia, urm\u0103re\u0219te con\u021binutul \u0219i bucur\u0103-te de o por\u021bie de mindfulness ardelenesc.","og_url":"https:\/\/ardealulcufainosag.ro\/","og_site_name":"Ardealul cu Fainosag","article_publisher":"https:\/\/www.facebook.com\/ardealulcufainosag\/","article_modified_time":"2025-11-06T09:47:35+00:00","og_image":[{"width":1200,"height":667,"url":"https:\/\/ardealulcufainosag.ro\/wp-content\/uploads\/2023\/09\/Cover-Photo-APP.jpg","type":"image\/jpeg"}],"twitter_card":"summary_large_image","twitter_title":"Descarc\u0103 aplica\u021bia Faino\u0219ag","twitter_description":"Faino\u0219ag este prima aplica\u021bie de mindfulness inspirat\u0103 de valorile autentice \u0219i de traiul calm din Ardeal. Faino\u0219ag App te \u00eenva\u021b\u0103 cum s\u0103 meditezi, s\u0103 te relaxezi, s\u0103 te concentrezi pe lucrurile importante din via\u021b\u0103, adic\u0103 pe lucrurile cu Faino\u0219ag. Te ajut\u0103 \u0219i s\u0103 dormi mai mult.Descarc\u0103 aplica\u021bia, urm\u0103re\u0219te con\u021binutul \u0219i bucur\u0103-te de o por\u021bie de mindfulness ardelenesc.","schema":{"@context":"https:\/\/schema.org","@graph":[{"@type":"WebPage","@id":"https:\/\/ardealulcufainosag.ro\/","url":"https:\/\/ardealulcufainosag.ro\/","name":"Ardealul Vegetal - Ardealul cu Fainosag","isPartOf":{"@id":"https:\/\/ardealulcufainosag.ro\/#website"},"datePublished":"2025-11-05T12:41:06+00:00","dateModified":"2025-11-06T09:47:35+00:00","description":"Faino\u0219ag este prima aplica\u021bie de mindfulness inspirat\u0103 de valorile autentice \u0219i de traiul calm din Ardeal. Faino\u0219ag App te \u00eenva\u021b\u0103 cum s\u0103 meditezi, s\u0103 te relaxezi, s\u0103 te concentrezi pe lucrurile importante din via\u021b\u0103, adic\u0103 pe lucrurile cu Faino\u0219ag. Te ajut\u0103 \u0219i s\u0103 dormi mai mult.Descarc\u0103 aplica\u021bia, urm\u0103re\u0219te con\u021binutul \u0219i bucur\u0103-te de o por\u021bie de mindfulness ardelenesc.","breadcrumb":{"@id":"https:\/\/ardealulcufainosag.ro\/#breadcrumb"},"inLanguage":"en-US","potentialAction":[{"@type":"ReadAction","target":["https:\/\/ardealulcufainosag.ro\/"]}]},{"@type":"BreadcrumbList","@id":"https:\/\/ardealulcufainosag.ro\/#breadcrumb","itemListElement":[{"@type":"ListItem","position":1,"name":"Home","item":"https:\/\/ardealulcufainosag.ro\/"},{"@type":"ListItem","position":2,"name":"Ardealul Vegetal"}]},{"@type":"WebSite","@id":"https:\/\/ardealulcufainosag.ro\/#website","url":"https:\/\/ardealulcufainosag.ro\/","name":"Ardealul cu Fainosag","description":"Tradi\u021bia merge cu Faino\u0219ag","publisher":{"@id":"https:\/\/ardealulcufainosag.ro\/#organization"},"potentialAction":[{"@type":"SearchAction","target":{"@type":"EntryPoint","urlTemplate":"https:\/\/ardealulcufainosag.ro\/?s={search_term_string}"},"query-input":{"@type":"PropertyValueSpecification","valueRequired":true,"valueName":"search_term_string"}}],"inLanguage":"en-US"},{"@type":"Organization","@id":"https:\/\/ardealulcufainosag.ro\/#organization","name":"Ardealul cu Faino\u0219ag","url":"https:\/\/ardealulcufainosag.ro\/","logo":{"@type":"ImageObject","inLanguage":"en-US","@id":"https:\/\/ardealulcufainosag.ro\/#\/schema\/logo\/image\/","url":"https:\/\/ardealulcufainosag.ro\/wp-content\/uploads\/2019\/10\/Ardealul-_-logo_apple-touch-icon.png","contentUrl":"https:\/\/ardealulcufainosag.ro\/wp-content\/uploads\/2019\/10\/Ardealul-_-logo_apple-touch-icon.png","width":400,"height":400,"caption":"Ardealul cu Faino\u0219ag"},"image":{"@id":"https:\/\/ardealulcufainosag.ro\/#\/schema\/logo\/image\/"},"sameAs":["https:\/\/www.facebook.com\/ardealulcufainosag\/","https:\/\/www.youtube.com\/user\/OrklaFoods"]}]}},"_links":{"self":[{"href":"https:\/\/ardealulcufainosag.ro\/index.php\/wp-json\/wp\/v2\/pages\/1691","targetHints":{"allow":["GET"]}}],"collection":[{"href":"https:\/\/ardealulcufainosag.ro\/index.php\/wp-json\/wp\/v2\/pages"}],"about":[{"href":"https:\/\/ardealulcufainosag.ro\/index.php\/wp-json\/wp\/v2\/types\/page"}],"author":[{"embeddable":true,"href":"https:\/\/ardealulcufainosag.ro\/index.php\/wp-json\/wp\/v2\/users\/1"}],"replies":[{"embeddable":true,"href":"https:\/\/ardealulcufainosag.ro\/index.php\/wp-json\/wp\/v2\/comments?post=1691"}],"version-history":[{"count":1,"href":"https:\/\/ardealulcufainosag.ro\/index.php\/wp-json\/wp\/v2\/pages\/1691\/revisions"}],"predecessor-version":[{"id":1692,"href":"https:\/\/ardealulcufainosag.ro\/index.php\/wp-json\/wp\/v2\/pages\/1691\/revisions\/1692"}],"wp:attachment":[{"href":"https:\/\/ardealulcufainosag.ro\/index.php\/wp-json\/wp\/v2\/media?parent=1691"}],"curies":[{"name":"wp","href":"https:\/\/api.w.org\/{rel}","templated":true}]}}