{"id":1558,"date":"2024-11-11T20:06:12","date_gmt":"2024-11-11T20:06:12","guid":{"rendered":"https:\/\/ardealulcufainosag.ro\/?page_id=1558"},"modified":"2025-11-25T14:24:33","modified_gmt":"2025-11-25T14:24:33","slug":"in-ograda-lui-nea-ion","status":"publish","type":"page","link":"https:\/\/ardealulcufainosag.ro\/index.php\/in-ograda-lui-nea-ion\/","title":{"rendered":"\u00cen ograda lui Nea Ion"},"content":{"rendered":"","protected":false},"excerpt":{"rendered":"","protected":false},"author":1,"featured_media":0,"parent":0,"menu_order":0,"comment_status":"closed","ping_status":"open","template":"","meta":{"footnotes":""},"class_list":["post-1558","page","type-page","status-publish","hentry"],"yoast_head":"<!-- This site is optimized with the Yoast SEO plugin v27.5 - https:\/\/yoast.com\/product\/yoast-seo-wordpress\/ -->\n<title>\u00cen ograda lui Nea Ion - Ardealul cu Fainosag<\/title>\n<meta name=\"description\" content=\"Harnic e\u0219ti, premii cu Faino\u0219ag PRIMESTI. Ajut\u0103-l pe Nea Ion s\u0103 adune toate animalele din ograd\u0103.Str\u00e2nge c\u00e2t mai multe puncte \u00een joc \u0219i c\u00e2\u0219tigi premii cu Faino\u0219ag, dac\u0103 e\u0219ti \u00een top 100.\" \/>\n<meta name=\"robots\" content=\"index, follow, max-snippet:-1, max-image-preview:large, max-video-preview:-1\" \/>\n<link rel=\"canonical\" href=\"https:\/\/ardealulcufainosag.ro\/index.php\/in-ograda-lui-nea-ion\/\" \/>\n<meta property=\"og:locale\" content=\"en_US\" \/>\n<meta property=\"og:type\" content=\"article\" \/>\n<meta property=\"og:title\" content=\"\u00cen ograda lui Nea Ion\" \/>\n<meta property=\"og:description\" content=\"Harnic e\u0219ti, premii cu Faino\u0219ag PRIMESTI. Ajut\u0103-l pe Nea Ion s\u0103 adune toate animalele din ograd\u0103.Str\u00e2nge c\u00e2t mai multe puncte \u00een joc \u0219i c\u00e2\u0219tigi premii cu Faino\u0219ag, dac\u0103 e\u0219ti \u00een top 100.\" \/>\n<meta property=\"og:url\" content=\"https:\/\/ardealulcufainosag.ro\/index.php\/in-ograda-lui-nea-ion\/\" \/>\n<meta property=\"og:site_name\" content=\"Ardealul cu Fainosag\" \/>\n<meta property=\"article:publisher\" content=\"https:\/\/www.facebook.com\/ardealulcufainosag\/\" \/>\n<meta property=\"article:modified_time\" content=\"2025-11-25T14:24:33+00:00\" \/>\n<meta property=\"og:image\" content=\"https:\/\/ardealulcufainosag.ro\/wp-content\/uploads\/2024\/11\/in-ograda-lui-nea-ION-Ardealul-cu-Fainosag-JOC.png\" \/>\n\t<meta property=\"og:image:width\" content=\"1200\" \/>\n\t<meta property=\"og:image:height\" content=\"630\" \/>\n\t<meta property=\"og:image:type\" content=\"image\/png\" \/>\n<meta name=\"twitter:card\" content=\"summary_large_image\" \/>\n<meta name=\"twitter:title\" content=\"\u00cen ograda lui Nea Ion\" \/>\n<meta name=\"twitter:description\" content=\"Harnic e\u0219ti, premii cu Faino\u0219ag PRIMESTI. Ajut\u0103-l pe Nea Ion s\u0103 adune toate animalele din ograd\u0103.Str\u00e2nge c\u00e2t mai multe puncte \u00een joc \u0219i c\u00e2\u0219tigi premii cu Faino\u0219ag, dac\u0103 e\u0219ti \u00een top 100.\" \/>\n<meta name=\"twitter:image\" content=\"https:\/\/ardealulcufainosag.ro\/wp-content\/uploads\/2024\/11\/in-ograda-lui-nea-ION-Ardealul-cu-Fainosag-JOC.png\" \/>\n<script type=\"application\/ld+json\" class=\"yoast-schema-graph\">{\"@context\":\"https:\\\/\\\/schema.org\",\"@graph\":[{\"@type\":\"WebPage\",\"@id\":\"https:\\\/\\\/ardealulcufainosag.ro\\\/index.php\\\/in-ograda-lui-nea-ion\\\/\",\"url\":\"https:\\\/\\\/ardealulcufainosag.ro\\\/index.php\\\/in-ograda-lui-nea-ion\\\/\",\"name\":\"\u00cen ograda lui Nea Ion - Ardealul cu Fainosag\",\"isPartOf\":{\"@id\":\"https:\\\/\\\/ardealulcufainosag.ro\\\/#website\"},\"datePublished\":\"2024-11-11T20:06:12+00:00\",\"dateModified\":\"2025-11-25T14:24:33+00:00\",\"description\":\"Harnic e\u0219ti, premii cu Faino\u0219ag PRIMESTI. Ajut\u0103-l pe Nea Ion s\u0103 adune toate animalele din ograd\u0103.Str\u00e2nge c\u00e2t mai multe puncte \u00een joc \u0219i c\u00e2\u0219tigi premii cu Faino\u0219ag, dac\u0103 e\u0219ti \u00een top 100.\",\"breadcrumb\":{\"@id\":\"https:\\\/\\\/ardealulcufainosag.ro\\\/index.php\\\/in-ograda-lui-nea-ion\\\/#breadcrumb\"},\"inLanguage\":\"en-US\",\"potentialAction\":[{\"@type\":\"ReadAction\",\"target\":[\"https:\\\/\\\/ardealulcufainosag.ro\\\/index.php\\\/in-ograda-lui-nea-ion\\\/\"]}]},{\"@type\":\"BreadcrumbList\",\"@id\":\"https:\\\/\\\/ardealulcufainosag.ro\\\/index.php\\\/in-ograda-lui-nea-ion\\\/#breadcrumb\",\"itemListElement\":[{\"@type\":\"ListItem\",\"position\":1,\"name\":\"Home\",\"item\":\"https:\\\/\\\/ardealulcufainosag.ro\\\/\"},{\"@type\":\"ListItem\",\"position\":2,\"name\":\"\u00cen ograda lui Nea Ion\"}]},{\"@type\":\"WebSite\",\"@id\":\"https:\\\/\\\/ardealulcufainosag.ro\\\/#website\",\"url\":\"https:\\\/\\\/ardealulcufainosag.ro\\\/\",\"name\":\"Ardealul cu Fainosag\",\"description\":\"Tradi\u021bia merge cu Faino\u0219ag\",\"publisher\":{\"@id\":\"https:\\\/\\\/ardealulcufainosag.ro\\\/#organization\"},\"potentialAction\":[{\"@type\":\"SearchAction\",\"target\":{\"@type\":\"EntryPoint\",\"urlTemplate\":\"https:\\\/\\\/ardealulcufainosag.ro\\\/?s={search_term_string}\"},\"query-input\":{\"@type\":\"PropertyValueSpecification\",\"valueRequired\":true,\"valueName\":\"search_term_string\"}}],\"inLanguage\":\"en-US\"},{\"@type\":\"Organization\",\"@id\":\"https:\\\/\\\/ardealulcufainosag.ro\\\/#organization\",\"name\":\"Ardealul cu Faino\u0219ag\",\"url\":\"https:\\\/\\\/ardealulcufainosag.ro\\\/\",\"logo\":{\"@type\":\"ImageObject\",\"inLanguage\":\"en-US\",\"@id\":\"https:\\\/\\\/ardealulcufainosag.ro\\\/#\\\/schema\\\/logo\\\/image\\\/\",\"url\":\"https:\\\/\\\/ardealulcufainosag.ro\\\/wp-content\\\/uploads\\\/2019\\\/10\\\/Ardealul-_-logo_apple-touch-icon.png\",\"contentUrl\":\"https:\\\/\\\/ardealulcufainosag.ro\\\/wp-content\\\/uploads\\\/2019\\\/10\\\/Ardealul-_-logo_apple-touch-icon.png\",\"width\":400,\"height\":400,\"caption\":\"Ardealul cu Faino\u0219ag\"},\"image\":{\"@id\":\"https:\\\/\\\/ardealulcufainosag.ro\\\/#\\\/schema\\\/logo\\\/image\\\/\"},\"sameAs\":[\"https:\\\/\\\/www.facebook.com\\\/ardealulcufainosag\\\/\",\"https:\\\/\\\/www.youtube.com\\\/user\\\/OrklaFoods\"]}]}<\/script>\n<!-- \/ Yoast SEO plugin. -->","yoast_head_json":{"title":"\u00cen ograda lui Nea Ion - Ardealul cu Fainosag","description":"Harnic e\u0219ti, premii cu Faino\u0219ag PRIMESTI. Ajut\u0103-l pe Nea Ion s\u0103 adune toate animalele din ograd\u0103.Str\u00e2nge c\u00e2t mai multe puncte \u00een joc \u0219i c\u00e2\u0219tigi premii cu Faino\u0219ag, dac\u0103 e\u0219ti \u00een top 100.","robots":{"index":"index","follow":"follow","max-snippet":"max-snippet:-1","max-image-preview":"max-image-preview:large","max-video-preview":"max-video-preview:-1"},"canonical":"https:\/\/ardealulcufainosag.ro\/index.php\/in-ograda-lui-nea-ion\/","og_locale":"en_US","og_type":"article","og_title":"\u00cen ograda lui Nea Ion","og_description":"Harnic e\u0219ti, premii cu Faino\u0219ag PRIMESTI. Ajut\u0103-l pe Nea Ion s\u0103 adune toate animalele din ograd\u0103.Str\u00e2nge c\u00e2t mai multe puncte \u00een joc \u0219i c\u00e2\u0219tigi premii cu Faino\u0219ag, dac\u0103 e\u0219ti \u00een top 100.","og_url":"https:\/\/ardealulcufainosag.ro\/index.php\/in-ograda-lui-nea-ion\/","og_site_name":"Ardealul cu Fainosag","article_publisher":"https:\/\/www.facebook.com\/ardealulcufainosag\/","article_modified_time":"2025-11-25T14:24:33+00:00","og_image":[{"width":1200,"height":630,"url":"https:\/\/ardealulcufainosag.ro\/wp-content\/uploads\/2024\/11\/in-ograda-lui-nea-ION-Ardealul-cu-Fainosag-JOC.png","type":"image\/png"}],"twitter_card":"summary_large_image","twitter_title":"\u00cen ograda lui Nea Ion","twitter_description":"Harnic e\u0219ti, premii cu Faino\u0219ag PRIMESTI. Ajut\u0103-l pe Nea Ion s\u0103 adune toate animalele din ograd\u0103.Str\u00e2nge c\u00e2t mai multe puncte \u00een joc \u0219i c\u00e2\u0219tigi premii cu Faino\u0219ag, dac\u0103 e\u0219ti \u00een top 100.","twitter_image":"https:\/\/ardealulcufainosag.ro\/wp-content\/uploads\/2024\/11\/in-ograda-lui-nea-ION-Ardealul-cu-Fainosag-JOC.png","schema":{"@context":"https:\/\/schema.org","@graph":[{"@type":"WebPage","@id":"https:\/\/ardealulcufainosag.ro\/index.php\/in-ograda-lui-nea-ion\/","url":"https:\/\/ardealulcufainosag.ro\/index.php\/in-ograda-lui-nea-ion\/","name":"\u00cen ograda lui Nea Ion - Ardealul cu Fainosag","isPartOf":{"@id":"https:\/\/ardealulcufainosag.ro\/#website"},"datePublished":"2024-11-11T20:06:12+00:00","dateModified":"2025-11-25T14:24:33+00:00","description":"Harnic e\u0219ti, premii cu Faino\u0219ag PRIMESTI. Ajut\u0103-l pe Nea Ion s\u0103 adune toate animalele din ograd\u0103.Str\u00e2nge c\u00e2t mai multe puncte \u00een joc \u0219i c\u00e2\u0219tigi premii cu Faino\u0219ag, dac\u0103 e\u0219ti \u00een top 100.","breadcrumb":{"@id":"https:\/\/ardealulcufainosag.ro\/index.php\/in-ograda-lui-nea-ion\/#breadcrumb"},"inLanguage":"en-US","potentialAction":[{"@type":"ReadAction","target":["https:\/\/ardealulcufainosag.ro\/index.php\/in-ograda-lui-nea-ion\/"]}]},{"@type":"BreadcrumbList","@id":"https:\/\/ardealulcufainosag.ro\/index.php\/in-ograda-lui-nea-ion\/#breadcrumb","itemListElement":[{"@type":"ListItem","position":1,"name":"Home","item":"https:\/\/ardealulcufainosag.ro\/"},{"@type":"ListItem","position":2,"name":"\u00cen ograda lui Nea Ion"}]},{"@type":"WebSite","@id":"https:\/\/ardealulcufainosag.ro\/#website","url":"https:\/\/ardealulcufainosag.ro\/","name":"Ardealul cu Fainosag","description":"Tradi\u021bia merge cu Faino\u0219ag","publisher":{"@id":"https:\/\/ardealulcufainosag.ro\/#organization"},"potentialAction":[{"@type":"SearchAction","target":{"@type":"EntryPoint","urlTemplate":"https:\/\/ardealulcufainosag.ro\/?s={search_term_string}"},"query-input":{"@type":"PropertyValueSpecification","valueRequired":true,"valueName":"search_term_string"}}],"inLanguage":"en-US"},{"@type":"Organization","@id":"https:\/\/ardealulcufainosag.ro\/#organization","name":"Ardealul cu Faino\u0219ag","url":"https:\/\/ardealulcufainosag.ro\/","logo":{"@type":"ImageObject","inLanguage":"en-US","@id":"https:\/\/ardealulcufainosag.ro\/#\/schema\/logo\/image\/","url":"https:\/\/ardealulcufainosag.ro\/wp-content\/uploads\/2019\/10\/Ardealul-_-logo_apple-touch-icon.png","contentUrl":"https:\/\/ardealulcufainosag.ro\/wp-content\/uploads\/2019\/10\/Ardealul-_-logo_apple-touch-icon.png","width":400,"height":400,"caption":"Ardealul cu Faino\u0219ag"},"image":{"@id":"https:\/\/ardealulcufainosag.ro\/#\/schema\/logo\/image\/"},"sameAs":["https:\/\/www.facebook.com\/ardealulcufainosag\/","https:\/\/www.youtube.com\/user\/OrklaFoods"]}]}},"_links":{"self":[{"href":"https:\/\/ardealulcufainosag.ro\/index.php\/wp-json\/wp\/v2\/pages\/1558","targetHints":{"allow":["GET"]}}],"collection":[{"href":"https:\/\/ardealulcufainosag.ro\/index.php\/wp-json\/wp\/v2\/pages"}],"about":[{"href":"https:\/\/ardealulcufainosag.ro\/index.php\/wp-json\/wp\/v2\/types\/page"}],"author":[{"embeddable":true,"href":"https:\/\/ardealulcufainosag.ro\/index.php\/wp-json\/wp\/v2\/users\/1"}],"replies":[{"embeddable":true,"href":"https:\/\/ardealulcufainosag.ro\/index.php\/wp-json\/wp\/v2\/comments?post=1558"}],"version-history":[{"count":2,"href":"https:\/\/ardealulcufainosag.ro\/index.php\/wp-json\/wp\/v2\/pages\/1558\/revisions"}],"predecessor-version":[{"id":1570,"href":"https:\/\/ardealulcufainosag.ro\/index.php\/wp-json\/wp\/v2\/pages\/1558\/revisions\/1570"}],"wp:attachment":[{"href":"https:\/\/ardealulcufainosag.ro\/index.php\/wp-json\/wp\/v2\/media?parent=1558"}],"curies":[{"name":"wp","href":"https:\/\/api.w.org\/{rel}","templated":true}]}}